{"id":513,"date":"2017-09-18T16:02:35","date_gmt":"2017-09-18T16:02:35","guid":{"rendered":"http:\/\/hebergementsflorence.com\/activites\/"},"modified":"2017-09-26T16:27:00","modified_gmt":"2017-09-26T16:27:00","slug":"activities","status":"publish","type":"page","link":"https:\/\/hebergementsflorence.com\/en\/activities\/","title":{"rendered":"Activities"},"content":{"rendered":"<div class=\"wpb-content-wrapper\"><p>[vc_row css_animation=&#8221;&#8221; row_type=&#8221;row&#8221; use_row_as_full_screen_section=&#8221;no&#8221; type=&#8221;full_width&#8221; angled_section=&#8221;no&#8221; text_align=&#8221;center&#8221; background_image_as_pattern=&#8221;without_pattern&#8221; background_color=&#8221;#f1f1f1&#8243; padding_top=&#8221;35&#8243; padding_bottom=&#8221;35&#8243; el_id=&#8221;traversier&#8221;][vc_column]<span data-type=\"normal\"  class=\"qode_icon_shortcode  q_font_awsome_icon fa-2x pull-center \" style=\" \"><i class=\"qode_icon_font_awesome fa fa-ship qode_icon_element\" style=\"\" ><\/i><\/span>[vc_column_text]<\/p>\n<p><a href=\"https:\/\/www.traversiers.com\/en\/our-ferries\/lisle-aux-coudres-saint-joseph-de-la-rive-ferry\/schedule\/\" target=\"_blank\" rel=\"noopener\"><strong>Click here for ferry timetables<\/strong><\/a><\/p>\n<p>[\/vc_column_text][\/vc_column][\/vc_row][vc_row css_animation=&#8221;&#8221; row_type=&#8221;row&#8221; use_row_as_full_screen_section=&#8221;no&#8221; type=&#8221;grid&#8221; angled_section=&#8221;no&#8221; text_align=&#8221;left&#8221; background_image_as_pattern=&#8221;without_pattern&#8221; padding_top=&#8221;60&#8243;][vc_column]<div class='projects_holder_outer v3 portfolio_with_space portfolio_standard portfolio_holder_fwn'><div class='filter_outer'><div class='filter_holder'>\n                            <ul>\n                            <li class='filter' data-filter='all'><span class=\"filter_number_of_items\"  style='color:#000000'><\/span><span style='color:#000000'>All<\/span><\/li><li class='filter' data-filter='portfolio_category_15'><span class=\"filter_number_of_items\"  style='color:#000000'><\/span><span style='color:#000000'>Food &amp; Drink<\/span><\/li><li class='filter' data-filter='portfolio_category_16'><span class=\"filter_number_of_items\"  style='color:#000000'><\/span><span style='color:#000000'>Sports &amp; Action<\/span><\/li><li class='filter' data-filter='portfolio_category_17'><span class=\"filter_number_of_items\"  style='color:#000000'><\/span><span style='color:#000000'>Tourist visit<\/span><\/li><li class='filter' data-filter='portfolio_category_19'><span class=\"filter_number_of_items\"  style='color:#000000'><\/span><span style='color:#000000'>Music<\/span><\/li><\/ul><\/div><\/div><div class='projects_holder portfolio_main_holder clearfix v3 standard portfolio_landscape_image '>\n<article class='mix portfolio_category_15 ' style=''><div class=\"item_holder thin_plus_only\"><div class=\"text_holder\"><div class=\"text_holder_outer\"><div class=\"text_holder_inner\"><span class=\"thin_plus_only_icon\">+<\/span><\/div><\/div><\/div><a itemprop=\"url\" class=\"portfolio_link_class\" href=\"https:\/\/hebergementsflorence.com\/en\/activite\/cidrerie-pedneault\/\"><\/a><div style=\"background-color: #bf529e\" class=\"portfolio_shader\"><\/div><div class=\"image_holder\"><span class=\"image\"><img loading=\"lazy\" decoding=\"async\" width=\"800\" height=\"600\" src=\"https:\/\/hebergementsflorence.com\/wp-content\/uploads\/cidrerie-pendeault-cover-800x600.jpg\" class=\"attachment-portfolio-landscape size-portfolio-landscape wp-post-image\" alt=\"\" \/><\/span><\/div><\/div><div class='portfolio_description text_align_center' ><h4 itemprop=\"name\" class=\"portfolio_title entry_title\"><a itemprop=\"url\" href=\"https:\/\/hebergementsflorence.com\/en\/activite\/cidrerie-pedneault\/\" target=\"_self\" >Cidrerie Pedneault<\/a><\/h4><div class=\"short-description\">In 1918, thanks to a government grant, the Pedneault family planted the first 300 apple trees and fruit trees <a class=\"more-link\" href=\"https:\/\/hebergementsflorence.com\/en\/activite\/cidrerie-pedneault\/\">[...]<\/a><\/div><p itemprop=\"name\" class=\"more-button\"><a itemprop=\"url\" href=\"https:\/\/hebergementsflorence.com\/en\/activite\/cidrerie-pedneault\/\" target=\"_self\" ><span>See more<\/span><\/a><\/p><\/div><\/article>\n<article class='mix portfolio_category_15 ' style=''><div class=\"item_holder thin_plus_only\"><div class=\"text_holder\"><div class=\"text_holder_outer\"><div class=\"text_holder_inner\"><span class=\"thin_plus_only_icon\">+<\/span><\/div><\/div><\/div><a itemprop=\"url\" class=\"portfolio_link_class\" href=\"https:\/\/hebergementsflorence.com\/en\/activite\/la-fabrique-de-lisle\/\"><\/a><div style=\"background-color: #bf529e\" class=\"portfolio_shader\"><\/div><div class=\"image_holder\"><span class=\"image\"><img loading=\"lazy\" decoding=\"async\" width=\"800\" height=\"600\" src=\"https:\/\/hebergementsflorence.com\/wp-content\/uploads\/Fabrique-cover-800x600.jpg\" class=\"attachment-portfolio-landscape size-portfolio-landscape wp-post-image\" alt=\"\" \/><\/span><\/div><\/div><div class='portfolio_description text_align_center' ><h4 itemprop=\"name\" class=\"portfolio_title entry_title\"><a itemprop=\"url\" href=\"https:\/\/hebergementsflorence.com\/en\/activite\/la-fabrique-de-lisle\/\" target=\"_self\" >La Fabrique de l&#8217;Isle<\/a><\/h4><div class=\"short-description\">La Fabrique de l'Isle, a caf\u00e9-boutique and art gallery with terrace, in the former warm and luminous presbytery, where we <a class=\"more-link\" href=\"https:\/\/hebergementsflorence.com\/en\/activite\/la-fabrique-de-lisle\/\">[...]<\/a><\/div><p itemprop=\"name\" class=\"more-button\"><a itemprop=\"url\" href=\"https:\/\/hebergementsflorence.com\/en\/activite\/la-fabrique-de-lisle\/\" target=\"_self\" ><span>See more<\/span><\/a><\/p><\/div><\/article>\n<article class='mix portfolio_category_15 ' style=''><div class=\"item_holder thin_plus_only\"><div class=\"text_holder\"><div class=\"text_holder_outer\"><div class=\"text_holder_inner\"><span class=\"thin_plus_only_icon\">+<\/span><\/div><\/div><\/div><a itemprop=\"url\" class=\"portfolio_link_class\" href=\"https:\/\/hebergementsflorence.com\/en\/activite\/epicerie-chez-paul\/\"><\/a><div style=\"background-color: #bf529e\" class=\"portfolio_shader\"><\/div><div class=\"image_holder\"><span class=\"image\"><img loading=\"lazy\" decoding=\"async\" width=\"800\" height=\"600\" src=\"https:\/\/hebergementsflorence.com\/wp-content\/uploads\/chezpaul-800x600.jpg\" class=\"attachment-portfolio-landscape size-portfolio-landscape wp-post-image\" alt=\"\" \/><\/span><\/div><\/div><div class='portfolio_description text_align_center' ><h4 itemprop=\"name\" class=\"portfolio_title entry_title\"><a itemprop=\"url\" href=\"https:\/\/hebergementsflorence.com\/en\/activite\/epicerie-chez-paul\/\" target=\"_self\" >\u00c9picerie Chez Paul<\/a><\/h4><div class=\"short-description\">Discover our famous homemade p\u00e2t\u00e9s of the Isle, our trout p\u00e2t\u00e9 and our breads, pastries &amp; fresh brioche of the day! For all your <a class=\"more-link\" href=\"https:\/\/hebergementsflorence.com\/en\/activite\/epicerie-chez-paul\/\">[...]<\/a><\/div><p itemprop=\"name\" class=\"more-button\"><a itemprop=\"url\" href=\"https:\/\/hebergementsflorence.com\/en\/activite\/epicerie-chez-paul\/\" target=\"_self\" ><span>See more<\/span><\/a><\/p><\/div><\/article>\n<article class='mix portfolio_category_16 ' style=''><div class=\"item_holder thin_plus_only\"><div class=\"text_holder\"><div class=\"text_holder_outer\"><div class=\"text_holder_inner\"><span class=\"thin_plus_only_icon\">+<\/span><\/div><\/div><\/div><a itemprop=\"url\" class=\"portfolio_link_class\" href=\"https:\/\/hebergementsflorence.com\/en\/activite\/suroit-aventures\/\"><\/a><div style=\"background-color: #bf529e\" class=\"portfolio_shader\"><\/div><div class=\"image_holder\"><span class=\"image\"><img loading=\"lazy\" decoding=\"async\" width=\"800\" height=\"600\" src=\"https:\/\/hebergementsflorence.com\/wp-content\/uploads\/suroit-top-800x600.jpg\" class=\"attachment-portfolio-landscape size-portfolio-landscape wp-post-image\" alt=\"\" \/><\/span><\/div><\/div><div class='portfolio_description text_align_center' ><h4 itemprop=\"name\" class=\"portfolio_title entry_title\"><a itemprop=\"url\" href=\"https:\/\/hebergementsflorence.com\/en\/activite\/suroit-aventures\/\" target=\"_self\" >Suro\u00eet Aventures<\/a><\/h4><div class=\"short-description\">Suro\u00eet Aventures is both a Kitesurfing school in IKO that offers paddleboard\/SUP excursions and a nautical equipment <a class=\"more-link\" href=\"https:\/\/hebergementsflorence.com\/en\/activite\/suroit-aventures\/\">[...]<\/a><\/div><p itemprop=\"name\" class=\"more-button\"><a itemprop=\"url\" href=\"https:\/\/hebergementsflorence.com\/en\/activite\/suroit-aventures\/\" target=\"_self\" ><span>See more<\/span><\/a><\/p><\/div><\/article>\n<article class='mix portfolio_category_16 ' style=''><div class=\"item_holder thin_plus_only\"><div class=\"text_holder\"><div class=\"text_holder_outer\"><div class=\"text_holder_inner\"><span class=\"thin_plus_only_icon\">+<\/span><\/div><\/div><\/div><a itemprop=\"url\" class=\"portfolio_link_class\" href=\"https:\/\/hebergementsflorence.com\/en\/activite\/velo-coudres\/\"><\/a><div style=\"background-color: #bf529e\" class=\"portfolio_shader\"><\/div><div class=\"image_holder\"><span class=\"image\"><img loading=\"lazy\" decoding=\"async\" width=\"800\" height=\"600\" src=\"https:\/\/hebergementsflorence.com\/wp-content\/uploads\/velocoudres-cover-800x600.jpg\" class=\"attachment-portfolio-landscape size-portfolio-landscape wp-post-image\" alt=\"\" srcset=\"https:\/\/hebergementsflorence.com\/wp-content\/uploads\/velocoudres-cover-800x600.jpg 800w, https:\/\/hebergementsflorence.com\/wp-content\/uploads\/velocoudres-cover-300x225.jpg 300w, https:\/\/hebergementsflorence.com\/wp-content\/uploads\/velocoudres-cover-768x576.jpg 768w, https:\/\/hebergementsflorence.com\/wp-content\/uploads\/velocoudres-cover-1024x768.jpg 1024w, https:\/\/hebergementsflorence.com\/wp-content\/uploads\/velocoudres-cover-700x525.jpg 700w, https:\/\/hebergementsflorence.com\/wp-content\/uploads\/velocoudres-cover.jpg 1920w\" sizes=\"auto, (max-width: 800px) 100vw, 800px\" \/><\/span><\/div><\/div><div class='portfolio_description text_align_center' ><h4 itemprop=\"name\" class=\"portfolio_title entry_title\"><a itemprop=\"url\" href=\"https:\/\/hebergementsflorence.com\/en\/activite\/velo-coudres\/\" target=\"_self\" >V\u00e9lo Coudres<\/a><\/h4><div class=\"short-description\">Unique in its kind, the rental center V\u00e9lo-Coudres will impress you. You will find a complete range of bicycles. Whether <a class=\"more-link\" href=\"https:\/\/hebergementsflorence.com\/en\/activite\/velo-coudres\/\">[...]<\/a><\/div><p itemprop=\"name\" class=\"more-button\"><a itemprop=\"url\" href=\"https:\/\/hebergementsflorence.com\/en\/activite\/velo-coudres\/\" target=\"_self\" ><span>See more<\/span><\/a><\/p><\/div><\/article>\n<article class='mix portfolio_category_17 ' style=''><div class=\"item_holder thin_plus_only\"><div class=\"text_holder\"><div class=\"text_holder_outer\"><div class=\"text_holder_inner\"><span class=\"thin_plus_only_icon\">+<\/span><\/div><\/div><\/div><a itemprop=\"url\" class=\"portfolio_link_class\" href=\"https:\/\/hebergementsflorence.com\/en\/activite\/moulins-de-lisle\/\"><\/a><div style=\"background-color: #bf529e\" class=\"portfolio_shader\"><\/div><div class=\"image_holder\"><span class=\"image\"><img loading=\"lazy\" decoding=\"async\" width=\"800\" height=\"600\" src=\"https:\/\/hebergementsflorence.com\/wp-content\/uploads\/moulins-cover-800x600.jpg\" class=\"attachment-portfolio-landscape size-portfolio-landscape wp-post-image\" alt=\"\" \/><\/span><\/div><\/div><div class='portfolio_description text_align_center' ><h4 itemprop=\"name\" class=\"portfolio_title entry_title\"><a itemprop=\"url\" href=\"https:\/\/hebergementsflorence.com\/en\/activite\/moulins-de-lisle\/\" target=\"_self\" >Moulins de l&#8217;Isle<\/a><\/h4><div class=\"short-description\">Restored and located close to each other, the water and windmills are an exceptional site and unique in America. Founded in 1825, the <a class=\"more-link\" href=\"https:\/\/hebergementsflorence.com\/en\/activite\/moulins-de-lisle\/\">[...]<\/a><\/div><p itemprop=\"name\" class=\"more-button\"><a itemprop=\"url\" href=\"https:\/\/hebergementsflorence.com\/en\/activite\/moulins-de-lisle\/\" target=\"_self\" ><span>See more<\/span><\/a><\/p><\/div><\/article>\n<article class='mix portfolio_category_17 ' style=''><div class=\"item_holder thin_plus_only\"><div class=\"text_holder\"><div class=\"text_holder_outer\"><div class=\"text_holder_inner\"><span class=\"thin_plus_only_icon\">+<\/span><\/div><\/div><\/div><a itemprop=\"url\" class=\"portfolio_link_class\" href=\"https:\/\/hebergementsflorence.com\/en\/activite\/charlotte-atelierboutique\/\"><\/a><div style=\"background-color: #bf529e\" class=\"portfolio_shader\"><\/div><div class=\"image_holder\"><span class=\"image\"><img loading=\"lazy\" decoding=\"async\" width=\"800\" height=\"600\" src=\"https:\/\/hebergementsflorence.com\/wp-content\/uploads\/charlotte-cover2-800x600.jpg\" class=\"attachment-portfolio-landscape size-portfolio-landscape wp-post-image\" alt=\"\" srcset=\"https:\/\/hebergementsflorence.com\/wp-content\/uploads\/charlotte-cover2-800x600.jpg 800w, https:\/\/hebergementsflorence.com\/wp-content\/uploads\/charlotte-cover2-300x225.jpg 300w, https:\/\/hebergementsflorence.com\/wp-content\/uploads\/charlotte-cover2-768x576.jpg 768w, https:\/\/hebergementsflorence.com\/wp-content\/uploads\/charlotte-cover2-1024x768.jpg 1024w, https:\/\/hebergementsflorence.com\/wp-content\/uploads\/charlotte-cover2-700x525.jpg 700w, https:\/\/hebergementsflorence.com\/wp-content\/uploads\/charlotte-cover2.jpg 1600w\" sizes=\"auto, (max-width: 800px) 100vw, 800px\" \/><\/span><\/div><\/div><div class='portfolio_description text_align_center' ><h4 itemprop=\"name\" class=\"portfolio_title entry_title\"><a itemprop=\"url\" href=\"https:\/\/hebergementsflorence.com\/en\/activite\/charlotte-atelierboutique\/\" target=\"_self\" >Charlotte! Atelier\/Boutique<\/a><\/h4><div class=\"short-description\">Charlotte! Atelier \/ boutique and its Petite Place d'art that we love for its creations and its original Quebec products! Mini-collections <a class=\"more-link\" href=\"https:\/\/hebergementsflorence.com\/en\/activite\/charlotte-atelierboutique\/\">[...]<\/a><\/div><p itemprop=\"name\" class=\"more-button\"><a itemprop=\"url\" href=\"https:\/\/hebergementsflorence.com\/en\/activite\/charlotte-atelierboutique\/\" target=\"_self\" ><span>See more<\/span><\/a><\/p><\/div><\/article>\n<article class='mix portfolio_category_19 ' style=''><div class=\"item_holder thin_plus_only\"><div class=\"text_holder\"><div class=\"text_holder_outer\"><div class=\"text_holder_inner\"><span class=\"thin_plus_only_icon\">+<\/span><\/div><\/div><\/div><a itemprop=\"url\" class=\"portfolio_link_class\" href=\"https:\/\/hebergementsflorence.com\/en\/activite\/havre-musical-de-lislet\/\"><\/a><div style=\"background-color: #bf529e\" class=\"portfolio_shader\"><\/div><div class=\"image_holder\"><span class=\"image\"><img loading=\"lazy\" decoding=\"async\" width=\"800\" height=\"600\" src=\"https:\/\/hebergementsflorence.com\/wp-content\/uploads\/havre-cover-800x600.jpg\" class=\"attachment-portfolio-landscape size-portfolio-landscape wp-post-image\" alt=\"\" srcset=\"https:\/\/hebergementsflorence.com\/wp-content\/uploads\/havre-cover-800x600.jpg 800w, https:\/\/hebergementsflorence.com\/wp-content\/uploads\/havre-cover-300x225.jpg 300w, https:\/\/hebergementsflorence.com\/wp-content\/uploads\/havre-cover-768x576.jpg 768w, https:\/\/hebergementsflorence.com\/wp-content\/uploads\/havre-cover-1024x768.jpg 1024w, https:\/\/hebergementsflorence.com\/wp-content\/uploads\/havre-cover-700x525.jpg 700w, https:\/\/hebergementsflorence.com\/wp-content\/uploads\/havre-cover.jpg 1200w\" sizes=\"auto, (max-width: 800px) 100vw, 800px\" \/><\/span><\/div><\/div><div class='portfolio_description text_align_center' ><h4 itemprop=\"name\" class=\"portfolio_title entry_title\"><a itemprop=\"url\" href=\"https:\/\/hebergementsflorence.com\/en\/activite\/havre-musical-de-lislet\/\" target=\"_self\" >Havre musical de l&#8217;Islet<\/a><\/h4><div class=\"short-description\">The Have Musical de l'Islet will propose a meeting between the arts, nature and well being. In a majestic music stand <a class=\"more-link\" href=\"https:\/\/hebergementsflorence.com\/en\/activite\/havre-musical-de-lislet\/\">[...]<\/a><\/div><p itemprop=\"name\" class=\"more-button\"><a itemprop=\"url\" href=\"https:\/\/hebergementsflorence.com\/en\/activite\/havre-musical-de-lislet\/\" target=\"_self\" ><span>See more<\/span><\/a><\/p><\/div><\/article>\n<article class='mix portfolio_category_17 ' style=''><div class=\"item_holder thin_plus_only\"><div class=\"text_holder\"><div class=\"text_holder_outer\"><div class=\"text_holder_inner\"><span class=\"thin_plus_only_icon\">+<\/span><\/div><\/div><\/div><a itemprop=\"url\" class=\"portfolio_link_class\" href=\"https:\/\/hebergementsflorence.com\/en\/activite\/boutique-galerie-de-lartisan\/\"><\/a><div style=\"background-color: #bf529e\" class=\"portfolio_shader\"><\/div><div class=\"image_holder\"><span class=\"image\"><img loading=\"lazy\" decoding=\"async\" width=\"800\" height=\"600\" src=\"https:\/\/hebergementsflorence.com\/wp-content\/uploads\/12034211_1674841432729573_4345696183564851467_o-800x600.jpg\" class=\"attachment-portfolio-landscape size-portfolio-landscape wp-post-image\" alt=\"\" \/><\/span><\/div><\/div><div class='portfolio_description text_align_center' ><h4 itemprop=\"name\" class=\"portfolio_title entry_title\"><a itemprop=\"url\" href=\"https:\/\/hebergementsflorence.com\/en\/activite\/boutique-galerie-de-lartisan\/\" target=\"_self\" >Boutique Galerie de l&#8217;Artisan<\/a><\/h4><div class=\"short-description\">The Boutique Galerie de l'Artisan, the perfect place to find the perfect souvenir. Take advantage of the rest stop, for a family <a class=\"more-link\" href=\"https:\/\/hebergementsflorence.com\/en\/activite\/boutique-galerie-de-lartisan\/\">[...]<\/a><\/div><p itemprop=\"name\" class=\"more-button\"><a itemprop=\"url\" href=\"https:\/\/hebergementsflorence.com\/en\/activite\/boutique-galerie-de-lartisan\/\" target=\"_self\" ><span>See more<\/span><\/a><\/p><\/div><\/article>\n<div class='filler'><\/div>\n<div class='filler'><\/div>\n<div class='filler'><\/div>\n<\/div><\/div>[\/vc_column][\/vc_row]<\/p>\n<\/div>","protected":false},"excerpt":{"rendered":"<p>[vc_row css_animation=&#8221;&#8221; row_type=&#8221;row&#8221; use_row_as_full_screen_section=&#8221;no&#8221; type=&#8221;full_width&#8221; angled_section=&#8221;no&#8221; text_align=&#8221;center&#8221; background_image_as_pattern=&#8221;without_pattern&#8221; background_color=&#8221;#f1f1f1&#8243; padding_top=&#8221;35&#8243; padding_bottom=&#8221;35&#8243; el_id=&#8221;traversier&#8221;][vc_column][vc_column_text] Click here for ferry timetables [\/vc_column_text][\/vc_column][\/vc_row][vc_row css_animation=&#8221;&#8221; row_type=&#8221;row&#8221; use_row_as_full_screen_section=&#8221;no&#8221; type=&#8221;grid&#8221; angled_section=&#8221;no&#8221; text_align=&#8221;left&#8221; background_image_as_pattern=&#8221;without_pattern&#8221; padding_top=&#8221;60&#8243;][vc_column][\/vc_column][\/vc_row]<\/p>\n","protected":false},"author":1,"featured_media":0,"parent":0,"menu_order":3,"comment_status":"closed","ping_status":"closed","template":"full_width.php","meta":{"footnotes":""},"class_list":["post-513","page","type-page","status-publish","hentry"],"yoast_head":"<!-- This site is optimized with the Yoast SEO plugin v27.4 - https:\/\/yoast.com\/product\/yoast-seo-wordpress\/ -->\n<title>Activities - H\u00e9bergements Florence<\/title>\n<meta name=\"robots\" content=\"index, follow, max-snippet:-1, max-image-preview:large, max-video-preview:-1\" \/>\n<link rel=\"canonical\" href=\"https:\/\/hebergementsflorence.com\/en\/activities\/\" \/>\n<meta property=\"og:locale\" content=\"en_US\" \/>\n<meta property=\"og:type\" content=\"article\" \/>\n<meta property=\"og:title\" content=\"Activities - H\u00e9bergements Florence\" \/>\n<meta property=\"og:description\" content=\"[vc_row css_animation=&#8221;&#8221; row_type=&#8221;row&#8221; use_row_as_full_screen_section=&#8221;no&#8221; type=&#8221;full_width&#8221; angled_section=&#8221;no&#8221; text_align=&#8221;center&#8221; background_image_as_pattern=&#8221;without_pattern&#8221; background_color=&#8221;#f1f1f1&#8243; padding_top=&#8221;35&#8243; padding_bottom=&#8221;35&#8243; el_id=&#8221;traversier&#8221;][vc_column][vc_column_text] Click here for ferry timetables [\/vc_column_text][\/vc_column][\/vc_row][vc_row css_animation=&#8221;&#8221; row_type=&#8221;row&#8221; use_row_as_full_screen_section=&#8221;no&#8221; type=&#8221;grid&#8221; angled_section=&#8221;no&#8221; text_align=&#8221;left&#8221; background_image_as_pattern=&#8221;without_pattern&#8221; padding_top=&#8221;60&#8243;][vc_column][\/vc_column][\/vc_row]\" \/>\n<meta property=\"og:url\" content=\"https:\/\/hebergementsflorence.com\/en\/activities\/\" \/>\n<meta property=\"og:site_name\" content=\"H\u00e9bergements Florence\" \/>\n<meta property=\"article:publisher\" content=\"http:\/\/fb.com\/hebergementsflorence\" \/>\n<meta property=\"article:modified_time\" content=\"2017-09-26T16:27:00+00:00\" \/>\n<meta property=\"og:image\" content=\"https:\/\/hebergementsflorence.com\/wp-content\/uploads\/chanterelle-cuisine3.jpg\" \/>\n\t<meta property=\"og:image:width\" content=\"1725\" \/>\n\t<meta property=\"og:image:height\" content=\"1150\" \/>\n\t<meta property=\"og:image:type\" content=\"image\/jpeg\" \/>\n<meta name=\"twitter:card\" content=\"summary_large_image\" \/>\n<meta name=\"twitter:label1\" content=\"Est. reading time\" \/>\n\t<meta name=\"twitter:data1\" content=\"1 minute\" \/>\n<script type=\"application\/ld+json\" class=\"yoast-schema-graph\">{\"@context\":\"https:\\\/\\\/schema.org\",\"@graph\":[{\"@type\":\"WebPage\",\"@id\":\"https:\\\/\\\/hebergementsflorence.com\\\/en\\\/activities\\\/\",\"url\":\"https:\\\/\\\/hebergementsflorence.com\\\/en\\\/activities\\\/\",\"name\":\"Activities - H\u00e9bergements Florence\",\"isPartOf\":{\"@id\":\"https:\\\/\\\/hebergementsflorence.com\\\/#website\"},\"datePublished\":\"2017-09-18T16:02:35+00:00\",\"dateModified\":\"2017-09-26T16:27:00+00:00\",\"breadcrumb\":{\"@id\":\"https:\\\/\\\/hebergementsflorence.com\\\/en\\\/activities\\\/#breadcrumb\"},\"inLanguage\":\"en-US\",\"potentialAction\":[{\"@type\":\"ReadAction\",\"target\":[\"https:\\\/\\\/hebergementsflorence.com\\\/en\\\/activities\\\/\"]}]},{\"@type\":\"BreadcrumbList\",\"@id\":\"https:\\\/\\\/hebergementsflorence.com\\\/en\\\/activities\\\/#breadcrumb\",\"itemListElement\":[{\"@type\":\"ListItem\",\"position\":1,\"name\":\"Accueil\",\"item\":\"https:\\\/\\\/hebergementsflorence.com\\\/en\\\/\"},{\"@type\":\"ListItem\",\"position\":2,\"name\":\"Activities\"}]},{\"@type\":\"WebSite\",\"@id\":\"https:\\\/\\\/hebergementsflorence.com\\\/#website\",\"url\":\"https:\\\/\\\/hebergementsflorence.com\\\/\",\"name\":\"H\u00e9bergements Florence\",\"description\":\"Isle-aux-Coudres\",\"potentialAction\":[{\"@type\":\"SearchAction\",\"target\":{\"@type\":\"EntryPoint\",\"urlTemplate\":\"https:\\\/\\\/hebergementsflorence.com\\\/?s={search_term_string}\"},\"query-input\":{\"@type\":\"PropertyValueSpecification\",\"valueRequired\":true,\"valueName\":\"search_term_string\"}}],\"inLanguage\":\"en-US\"}]}<\/script>\n<!-- \/ Yoast SEO plugin. -->","yoast_head_json":{"title":"Activities - H\u00e9bergements Florence","robots":{"index":"index","follow":"follow","max-snippet":"max-snippet:-1","max-image-preview":"max-image-preview:large","max-video-preview":"max-video-preview:-1"},"canonical":"https:\/\/hebergementsflorence.com\/en\/activities\/","og_locale":"en_US","og_type":"article","og_title":"Activities - H\u00e9bergements Florence","og_description":"[vc_row css_animation=&#8221;&#8221; row_type=&#8221;row&#8221; use_row_as_full_screen_section=&#8221;no&#8221; type=&#8221;full_width&#8221; angled_section=&#8221;no&#8221; text_align=&#8221;center&#8221; background_image_as_pattern=&#8221;without_pattern&#8221; background_color=&#8221;#f1f1f1&#8243; padding_top=&#8221;35&#8243; padding_bottom=&#8221;35&#8243; el_id=&#8221;traversier&#8221;][vc_column][vc_column_text] Click here for ferry timetables [\/vc_column_text][\/vc_column][\/vc_row][vc_row css_animation=&#8221;&#8221; row_type=&#8221;row&#8221; use_row_as_full_screen_section=&#8221;no&#8221; type=&#8221;grid&#8221; angled_section=&#8221;no&#8221; text_align=&#8221;left&#8221; background_image_as_pattern=&#8221;without_pattern&#8221; padding_top=&#8221;60&#8243;][vc_column][\/vc_column][\/vc_row]","og_url":"https:\/\/hebergementsflorence.com\/en\/activities\/","og_site_name":"H\u00e9bergements Florence","article_publisher":"http:\/\/fb.com\/hebergementsflorence","article_modified_time":"2017-09-26T16:27:00+00:00","og_image":[{"width":1725,"height":1150,"url":"https:\/\/hebergementsflorence.com\/wp-content\/uploads\/chanterelle-cuisine3.jpg","type":"image\/jpeg"}],"twitter_card":"summary_large_image","twitter_misc":{"Est. reading time":"1 minute"},"schema":{"@context":"https:\/\/schema.org","@graph":[{"@type":"WebPage","@id":"https:\/\/hebergementsflorence.com\/en\/activities\/","url":"https:\/\/hebergementsflorence.com\/en\/activities\/","name":"Activities - H\u00e9bergements Florence","isPartOf":{"@id":"https:\/\/hebergementsflorence.com\/#website"},"datePublished":"2017-09-18T16:02:35+00:00","dateModified":"2017-09-26T16:27:00+00:00","breadcrumb":{"@id":"https:\/\/hebergementsflorence.com\/en\/activities\/#breadcrumb"},"inLanguage":"en-US","potentialAction":[{"@type":"ReadAction","target":["https:\/\/hebergementsflorence.com\/en\/activities\/"]}]},{"@type":"BreadcrumbList","@id":"https:\/\/hebergementsflorence.com\/en\/activities\/#breadcrumb","itemListElement":[{"@type":"ListItem","position":1,"name":"Accueil","item":"https:\/\/hebergementsflorence.com\/en\/"},{"@type":"ListItem","position":2,"name":"Activities"}]},{"@type":"WebSite","@id":"https:\/\/hebergementsflorence.com\/#website","url":"https:\/\/hebergementsflorence.com\/","name":"H\u00e9bergements Florence","description":"Isle-aux-Coudres","potentialAction":[{"@type":"SearchAction","target":{"@type":"EntryPoint","urlTemplate":"https:\/\/hebergementsflorence.com\/?s={search_term_string}"},"query-input":{"@type":"PropertyValueSpecification","valueRequired":true,"valueName":"search_term_string"}}],"inLanguage":"en-US"}]}},"_links":{"self":[{"href":"https:\/\/hebergementsflorence.com\/en\/wp-json\/wp\/v2\/pages\/513","targetHints":{"allow":["GET"]}}],"collection":[{"href":"https:\/\/hebergementsflorence.com\/en\/wp-json\/wp\/v2\/pages"}],"about":[{"href":"https:\/\/hebergementsflorence.com\/en\/wp-json\/wp\/v2\/types\/page"}],"author":[{"embeddable":true,"href":"https:\/\/hebergementsflorence.com\/en\/wp-json\/wp\/v2\/users\/1"}],"replies":[{"embeddable":true,"href":"https:\/\/hebergementsflorence.com\/en\/wp-json\/wp\/v2\/comments?post=513"}],"version-history":[{"count":4,"href":"https:\/\/hebergementsflorence.com\/en\/wp-json\/wp\/v2\/pages\/513\/revisions"}],"predecessor-version":[{"id":524,"href":"https:\/\/hebergementsflorence.com\/en\/wp-json\/wp\/v2\/pages\/513\/revisions\/524"}],"wp:attachment":[{"href":"https:\/\/hebergementsflorence.com\/en\/wp-json\/wp\/v2\/media?parent=513"}],"curies":[{"name":"wp","href":"https:\/\/api.w.org\/{rel}","templated":true}]}}